{"id":306,"date":"2022-05-15T20:23:53","date_gmt":"2022-05-15T18:23:53","guid":{"rendered":"https:\/\/kat-a-logue.com\/?page_id=306"},"modified":"2025-10-30T12:19:30","modified_gmt":"2025-10-30T11:19:30","slug":"contact","status":"publish","type":"page","link":"https:\/\/kat-a-logue.com\/index.php\/contact\/","title":{"rendered":"Contact"},"content":{"rendered":"<div class=\"wp-block-image\">\n<figure class=\"aligncenter size-full is-resized\"><img decoding=\"async\" loading=\"lazy\" width=\"300\" height=\"297\" src=\"https:\/\/kat-a-logue.com\/wp-content\/uploads\/2022\/05\/tribu4.png\" alt=\"\" class=\"wp-image-309\" style=\"width:77px;height:76px\" srcset=\"https:\/\/kat-a-logue.com\/wp-content\/uploads\/2022\/05\/tribu4.png 300w, https:\/\/kat-a-logue.com\/wp-content\/uploads\/2022\/05\/tribu4-100x100.png 100w, https:\/\/kat-a-logue.com\/wp-content\/uploads\/2022\/05\/tribu4-150x150.png 150w\" sizes=\"(max-width: 300px) 100vw, 300px\" \/><\/figure><\/div>\n\n\n<h3 class=\"wp-block-heading\"><strong>Qui sommes-nous ?<\/strong><\/h3>\n\n\n\n<p>Nous sommes bas\u00e9s en France, \u00e0 Lille ! Kat a \u00e9t\u00e9 cr\u00e9\u00e9 en 2022. La soci\u00e9t\u00e9 est maintenant bas\u00e9e sur le campus EuraCreative \u00e0 Roubaix.<\/p>\n\n\n\n<figure class=\"wp-block-image size-full is-resized\"><img decoding=\"async\" loading=\"lazy\" width=\"400\" height=\"400\" src=\"https:\/\/kat-a-logue.com\/wp-content\/uploads\/2025\/10\/euracreative.webp\" alt=\"\" class=\"wp-image-5117\" style=\"aspect-ratio:1;width:134px;height:auto\" srcset=\"https:\/\/kat-a-logue.com\/wp-content\/uploads\/2025\/10\/euracreative.webp 400w, https:\/\/kat-a-logue.com\/wp-content\/uploads\/2025\/10\/euracreative-250x250.webp 250w, https:\/\/kat-a-logue.com\/wp-content\/uploads\/2025\/10\/euracreative-100x100.webp 100w, https:\/\/kat-a-logue.com\/wp-content\/uploads\/2025\/10\/euracreative-350x350.webp 350w, https:\/\/kat-a-logue.com\/wp-content\/uploads\/2025\/10\/euracreative-300x300.webp 300w, https:\/\/kat-a-logue.com\/wp-content\/uploads\/2025\/10\/euracreative-150x150.webp 150w\" sizes=\"(max-width: 400px) 100vw, 400px\" \/><\/figure>\n\n\n\n<p>Tous nos produits sont con\u00e7us et fabriqu\u00e9s en France. <\/p>\n\n\n\n<p>Nous avons \u00e0 c\u0153ur de cr\u00e9er des jouets et jeux respectueux de l&rsquo;environnement, et faciles d&rsquo;acc\u00e8s pour tous les \u00e2ges.<\/p>\n\n\n\n<p><\/p>\n\n\n\n<h3 class=\"wp-block-heading\">Pour nous \u00e9crire : <\/h3>\n\n\n\n<p>Notre <a href=\"https:\/\/discord.gg\/FaVSCVrWWv\">communaut\u00e9 sur Discord <\/a>est l\u00e0 pour vous !  <\/p>\n\n\n\n<p><\/p>\n","protected":false},"excerpt":{"rendered":"<p>Qui sommes-nous ? Nous sommes bas\u00e9s en France, \u00e0 Lille ! Kat a \u00e9t\u00e9 cr\u00e9\u00e9 en 2022. La soci\u00e9t\u00e9 est maintenant bas\u00e9e sur le campus EuraCreative \u00e0 Roubaix. Tous nos produits sont con\u00e7us et fabriqu\u00e9s en France. Nous avons \u00e0 c\u0153ur de cr\u00e9er des jouets et jeux respectueux de l&rsquo;environnement, et faciles d&rsquo;acc\u00e8s pour tous &hellip; <\/p>\n<p class=\"link-more\"><a href=\"https:\/\/kat-a-logue.com\/index.php\/contact\/\" class=\"more-link\">Continuer la lecture<span class=\"screen-reader-text\"> de &laquo;&nbsp;Contact&nbsp;&raquo;<\/span><\/a><\/p>\n","protected":false},"author":1,"featured_media":0,"parent":0,"menu_order":0,"comment_status":"closed","ping_status":"closed","template":"","meta":{"spay_email":"","footnotes":""},"_links":{"self":[{"href":"https:\/\/kat-a-logue.com\/index.php\/wp-json\/wp\/v2\/pages\/306"}],"collection":[{"href":"https:\/\/kat-a-logue.com\/index.php\/wp-json\/wp\/v2\/pages"}],"about":[{"href":"https:\/\/kat-a-logue.com\/index.php\/wp-json\/wp\/v2\/types\/page"}],"author":[{"embeddable":true,"href":"https:\/\/kat-a-logue.com\/index.php\/wp-json\/wp\/v2\/users\/1"}],"replies":[{"embeddable":true,"href":"https:\/\/kat-a-logue.com\/index.php\/wp-json\/wp\/v2\/comments?post=306"}],"version-history":[{"count":15,"href":"https:\/\/kat-a-logue.com\/index.php\/wp-json\/wp\/v2\/pages\/306\/revisions"}],"predecessor-version":[{"id":5118,"href":"https:\/\/kat-a-logue.com\/index.php\/wp-json\/wp\/v2\/pages\/306\/revisions\/5118"}],"wp:attachment":[{"href":"https:\/\/kat-a-logue.com\/index.php\/wp-json\/wp\/v2\/media?parent=306"}],"curies":[{"name":"wp","href":"https:\/\/api.w.org\/{rel}","templated":true}]}}